{"id":1424,"date":"2022-11-17T13:07:12","date_gmt":"2022-11-17T13:07:12","guid":{"rendered":"http:\/\/www.prelev.ca.web2.sogetel.net\/blood-tests\/"},"modified":"2023-01-10T20:01:29","modified_gmt":"2023-01-10T20:01:29","slug":"blood-tests","status":"publish","type":"page","link":"https:\/\/dev.prelev.ca\/en\/blood-tests\/","title":{"rendered":"Blood tests"},"content":{"rendered":"\t\t<div data-elementor-type=\"wp-page\" data-elementor-id=\"1424\" class=\"elementor elementor-1424 elementor-225\">\n\t\t\t\t\t\t\t\t\t<section class=\"elementor-section elementor-top-section elementor-element elementor-element-934dd3a elementor-section-boxed elementor-section-height-default elementor-section-height-default\" data-id=\"934dd3a\" data-element_type=\"section\" data-settings=\"{&quot;background_background&quot;:&quot;classic&quot;,&quot;jet_parallax_layout_list&quot;:[]}\">\n\t\t\t\t\t\t\t<div class=\"elementor-background-overlay\"><\/div>\n\t\t\t\t\t\t\t<div class=\"elementor-container elementor-column-gap-default\">\n\t\t\t\t\t<div class=\"elementor-column elementor-col-100 elementor-top-column elementor-element elementor-element-cb7a449\" data-id=\"cb7a449\" data-element_type=\"column\">\n\t\t\t<div class=\"elementor-widget-wrap elementor-element-populated\">\n\t\t\t\t\t\t\t\t<div class=\"elementor-element elementor-element-d3284d1 elementor-widget elementor-widget-heading\" data-id=\"d3284d1\" data-element_type=\"widget\" data-widget_type=\"heading.default\">\n\t\t\t\t<div class=\"elementor-widget-container\">\n\t\t\t<style>\/*! elementor - v3.10.0 - 09-01-2023 *\/\n.elementor-heading-title{padding:0;margin:0;line-height:1}.elementor-widget-heading .elementor-heading-title[class*=elementor-size-]>a{color:inherit;font-size:inherit;line-height:inherit}.elementor-widget-heading .elementor-heading-title.elementor-size-small{font-size:15px}.elementor-widget-heading .elementor-heading-title.elementor-size-medium{font-size:19px}.elementor-widget-heading .elementor-heading-title.elementor-size-large{font-size:29px}.elementor-widget-heading .elementor-heading-title.elementor-size-xl{font-size:39px}.elementor-widget-heading .elementor-heading-title.elementor-size-xxl{font-size:59px}<\/style><h1 class=\"elementor-heading-title elementor-size-default\">Blood tests<\/h1>\t\t<\/div>\n\t\t\t\t<\/div>\n\t\t\t\t<div class=\"elementor-element elementor-element-230b107 elementor-align-center animated-slow elementor-mobile-align-center elementor-invisible elementor-widget elementor-widget-button\" data-id=\"230b107\" data-element_type=\"widget\" data-settings=\"{&quot;_animation&quot;:&quot;fadeInLeft&quot;}\" data-widget_type=\"button.default\">\n\t\t\t\t<div class=\"elementor-widget-container\">\n\t\t\t\t\t<div class=\"elementor-button-wrapper\">\n\t\t\t<a href=\"https:\/\/dev.prelev.ca\/en\/book-an-appointment\/\" target=\"_blank\" class=\"elementor-button-link elementor-button elementor-size-sm\" role=\"button\">\n\t\t\t\t\t\t<span class=\"elementor-button-content-wrapper\">\n\t\t\t\t\t\t<span class=\"elementor-button-text\">Book an appointment<\/span>\n\t\t<\/span>\n\t\t\t\t\t<\/a>\n\t\t<\/div>\n\t\t\t\t<\/div>\n\t\t\t\t<\/div>\n\t\t\t\t\t<\/div>\n\t\t<\/div>\n\t\t\t\t\t\t\t<\/div>\n\t\t<\/section>\n\t\t\t\t<section class=\"elementor-section elementor-top-section elementor-element elementor-element-ff89ebd elementor-section-boxed elementor-section-height-default elementor-section-height-default\" data-id=\"ff89ebd\" data-element_type=\"section\" data-settings=\"{&quot;jet_parallax_layout_list&quot;:[]}\">\n\t\t\t\t\t\t<div class=\"elementor-container elementor-column-gap-default\">\n\t\t\t\t\t<div class=\"elementor-column elementor-col-50 elementor-top-column elementor-element elementor-element-e209b6b\" data-id=\"e209b6b\" data-element_type=\"column\">\n\t\t\t<div class=\"elementor-widget-wrap elementor-element-populated\">\n\t\t\t\t\t\t\t\t<div class=\"elementor-element elementor-element-91de3a3 elementor-widget elementor-widget-heading\" data-id=\"91de3a3\" data-element_type=\"widget\" data-widget_type=\"heading.default\">\n\t\t\t\t<div class=\"elementor-widget-container\">\n\t\t\t<h2 class=\"elementor-heading-title elementor-size-default\">Has your doctor prescribed blood tests?<\/h2>\t\t<\/div>\n\t\t\t\t<\/div>\n\t\t\t\t<div class=\"elementor-element elementor-element-3d30672 elementor-widget elementor-widget-text-editor\" data-id=\"3d30672\" data-element_type=\"widget\" data-widget_type=\"text-editor.default\">\n\t\t\t\t<div class=\"elementor-widget-container\">\n\t\t\t<style>\/*! elementor - v3.10.0 - 09-01-2023 *\/\n.elementor-widget-text-editor.elementor-drop-cap-view-stacked .elementor-drop-cap{background-color:#818a91;color:#fff}.elementor-widget-text-editor.elementor-drop-cap-view-framed .elementor-drop-cap{color:#818a91;border:3px solid;background-color:transparent}.elementor-widget-text-editor:not(.elementor-drop-cap-view-default) .elementor-drop-cap{margin-top:8px}.elementor-widget-text-editor:not(.elementor-drop-cap-view-default) .elementor-drop-cap-letter{width:1em;height:1em}.elementor-widget-text-editor .elementor-drop-cap{float:left;text-align:center;line-height:1;font-size:50px}.elementor-widget-text-editor .elementor-drop-cap-letter{display:inline-block}<\/style>\t\t\t\t<p>Your specimens (blood, urine, stool, saliva, hair) are collected and\/or handled by experienced professionals who are members of their respective professional orders, i.e. the Ordre Professionnel des Technologistes M\u00e9dicaux (OPTMQ) and the Ordre des Infirmiers et Infirmi\u00e8res du Qu\u00e9bec (OIIQ).<\/p>\n<p>In order to ensure the quality of the services we offer, we follow the recommendations of the Ordre des Chimistes du Qu\u00e9bec (OCQ) regarding blood specimens. Before being sent to the various laboratories, they are stabilized in our premises to ensure the reliability of the results.<\/p>\n\t\t\t\t\t\t<\/div>\n\t\t\t\t<\/div>\n\t\t\t\t<section class=\"elementor-section elementor-inner-section elementor-element elementor-element-33637d5 elementor-section-boxed elementor-section-height-default elementor-section-height-default\" data-id=\"33637d5\" data-element_type=\"section\" data-settings=\"{&quot;jet_parallax_layout_list&quot;:[]}\">\n\t\t\t\t\t\t<div class=\"elementor-container elementor-column-gap-default\">\n\t\t\t\t\t<div class=\"elementor-column elementor-col-50 elementor-inner-column elementor-element elementor-element-732cbc3\" data-id=\"732cbc3\" data-element_type=\"column\" data-settings=\"{&quot;background_background&quot;:&quot;classic&quot;}\">\n\t\t\t<div class=\"elementor-widget-wrap elementor-element-populated\">\n\t\t\t\t\t\t\t\t<div class=\"elementor-element elementor-element-9704d0f elementor-widget elementor-widget-heading\" data-id=\"9704d0f\" data-element_type=\"widget\" data-widget_type=\"heading.default\">\n\t\t\t\t<div class=\"elementor-widget-container\">\n\t\t\t<p class=\"elementor-heading-title elementor-size-default\">Adult sample<\/p>\t\t<\/div>\n\t\t\t\t<\/div>\n\t\t\t\t<div class=\"elementor-element elementor-element-e995d5c elementor-widget elementor-widget-text-editor\" data-id=\"e995d5c\" data-element_type=\"widget\" data-widget_type=\"text-editor.default\">\n\t\t\t\t<div class=\"elementor-widget-container\">\n\t\t\t\t\t\t\t<p>Less than 10 minutes &#8211; $32<\/p>\n\t\t\t\t\t\t<\/div>\n\t\t\t\t<\/div>\n\t\t\t\t\t<\/div>\n\t\t<\/div>\n\t\t\t\t<div class=\"elementor-column elementor-col-50 elementor-inner-column elementor-element elementor-element-cf24be6\" data-id=\"cf24be6\" data-element_type=\"column\" data-settings=\"{&quot;background_background&quot;:&quot;classic&quot;}\">\n\t\t\t<div class=\"elementor-widget-wrap elementor-element-populated\">\n\t\t\t\t\t\t\t\t<div class=\"elementor-element elementor-element-593f5a6 elementor-widget elementor-widget-heading\" data-id=\"593f5a6\" data-element_type=\"widget\" data-widget_type=\"heading.default\">\n\t\t\t\t<div class=\"elementor-widget-container\">\n\t\t\t<p class=\"elementor-heading-title elementor-size-default\">Children's blood test<\/p>\t\t<\/div>\n\t\t\t\t<\/div>\n\t\t\t\t<div class=\"elementor-element elementor-element-b7841c4 elementor-widget elementor-widget-text-editor\" data-id=\"b7841c4\" data-element_type=\"widget\" data-widget_type=\"text-editor.default\">\n\t\t\t\t<div class=\"elementor-widget-container\">\n\t\t\t\t\t\t\t<p>Less than 10 minutes &#8211; $32<\/p>\n\t\t\t\t\t\t<\/div>\n\t\t\t\t<\/div>\n\t\t\t\t\t<\/div>\n\t\t<\/div>\n\t\t\t\t\t\t\t<\/div>\n\t\t<\/section>\n\t\t\t\t\t<\/div>\n\t\t<\/div>\n\t\t\t\t<div class=\"elementor-column elementor-col-50 elementor-top-column elementor-element elementor-element-7daf6eb\" data-id=\"7daf6eb\" data-element_type=\"column\">\n\t\t\t<div class=\"elementor-widget-wrap elementor-element-populated\">\n\t\t\t\t\t\t\t\t<div class=\"elementor-element elementor-element-b6bff15 elementor-widget elementor-widget-text-editor\" data-id=\"b6bff15\" data-element_type=\"widget\" data-widget_type=\"text-editor.default\">\n\t\t\t\t<div class=\"elementor-widget-container\">\n\t\t\t\t\t\t\t<p>Depending on the analyses requested and availability, we use the services of public (CHUS) and\/or private laboratories. Our goal is to provide you with the highest quality of service in the shortest time and at the best cost. All information about you (including results from private laboratories) is treated with the utmost care to ensure confidentiality. Test results from the CHUS are sent ONLY and directly to your doctor, usually within 48 hours.<\/p>\n<p>Our global vision of the human being pushes us to broaden our service offer to allow you to take more complete charge of your health. We collaborate not only with health professionals in traditional medicine, but also with chiropractors, acupuncturists, osteopaths, physiotherapists, massage therapists, naturopaths, etc. This collaboration gives you access to a wide range of tests and a network of trusted health care professionals.<\/p>\n\t\t\t\t\t\t<\/div>\n\t\t\t\t<\/div>\n\t\t\t\t\t<\/div>\n\t\t<\/div>\n\t\t\t\t\t\t\t<\/div>\n\t\t<\/section>\n\t\t\t\t<section class=\"elementor-section elementor-top-section elementor-element elementor-element-b468038 elementor-section-boxed elementor-section-height-default elementor-section-height-default\" data-id=\"b468038\" data-element_type=\"section\" data-settings=\"{&quot;jet_parallax_layout_list&quot;:[],&quot;background_background&quot;:&quot;classic&quot;}\">\n\t\t\t\t\t\t<div class=\"elementor-container elementor-column-gap-default\">\n\t\t\t\t\t<div class=\"elementor-column elementor-col-100 elementor-top-column elementor-element elementor-element-d86bb80\" data-id=\"d86bb80\" data-element_type=\"column\">\n\t\t\t<div class=\"elementor-widget-wrap elementor-element-populated\">\n\t\t\t\t\t\t\t\t<section class=\"elementor-section elementor-inner-section elementor-element elementor-element-78780c4 elementor-section-boxed elementor-section-height-default elementor-section-height-default\" data-id=\"78780c4\" data-element_type=\"section\" data-settings=\"{&quot;jet_parallax_layout_list&quot;:[],&quot;background_background&quot;:&quot;classic&quot;}\">\n\t\t\t\t\t\t<div class=\"elementor-container elementor-column-gap-default\">\n\t\t\t\t\t<div class=\"elementor-column elementor-col-50 elementor-inner-column elementor-element elementor-element-9342257\" data-id=\"9342257\" data-element_type=\"column\">\n\t\t\t<div class=\"elementor-widget-wrap elementor-element-populated\">\n\t\t\t\t\t\t\t\t<div class=\"elementor-element elementor-element-aa48abb elementor-view-default elementor-widget elementor-widget-icon\" data-id=\"aa48abb\" data-element_type=\"widget\" data-widget_type=\"icon.default\">\n\t\t\t\t<div class=\"elementor-widget-container\">\n\t\t\t\t\t<div class=\"elementor-icon-wrapper\">\n\t\t\t<div class=\"elementor-icon\">\n\t\t\t<i aria-hidden=\"true\" class=\"jki jki-information-light\"><\/i>\t\t\t<\/div>\n\t\t<\/div>\n\t\t\t\t<\/div>\n\t\t\t\t<\/div>\n\t\t\t\t\t<\/div>\n\t\t<\/div>\n\t\t\t\t<div class=\"elementor-column elementor-col-50 elementor-inner-column elementor-element elementor-element-67e5baf\" data-id=\"67e5baf\" data-element_type=\"column\">\n\t\t\t<div class=\"elementor-widget-wrap elementor-element-populated\">\n\t\t\t\t\t\t\t\t<div class=\"elementor-element elementor-element-34cf2e2 elementor-widget elementor-widget-heading\" data-id=\"34cf2e2\" data-element_type=\"widget\" data-widget_type=\"heading.default\">\n\t\t\t\t<div class=\"elementor-widget-container\">\n\t\t\t<p class=\"elementor-heading-title elementor-size-default\">In Quebec, a blood sampling must be prescribed by a doctor. It is therefore impossible for us to take blood samples without a medical prescription.<\/p>\t\t<\/div>\n\t\t\t\t<\/div>\n\t\t\t\t<div class=\"elementor-element elementor-element-e275b65 elementor-widget elementor-widget-text-editor\" data-id=\"e275b65\" data-element_type=\"widget\" data-widget_type=\"text-editor.default\">\n\t\t\t\t<div class=\"elementor-widget-container\">\n\t\t\t\t\t\t\t<p>Before you come in or call us for an appointment: <\/p>\n\t\t\t\t\t\t<\/div>\n\t\t\t\t<\/div>\n\t\t\t\t<div class=\"elementor-element elementor-element-34b8351 elementor-align-left elementor-icon-list--layout-traditional elementor-list-item-link-full_width elementor-widget elementor-widget-icon-list\" data-id=\"34b8351\" data-element_type=\"widget\" data-widget_type=\"icon-list.default\">\n\t\t\t\t<div class=\"elementor-widget-container\">\n\t\t\t<link rel=\"stylesheet\" href=\"https:\/\/dev.prelev.ca\/wp-content\/plugins\/elementor\/assets\/css\/widget-icon-list.min.css\">\t\t<ul class=\"elementor-icon-list-items\">\n\t\t\t\t\t\t\t<li class=\"elementor-icon-list-item\">\n\t\t\t\t\t\t\t\t\t\t\t<span class=\"elementor-icon-list-icon\">\n\t\t\t\t\t\t\t<i aria-hidden=\"true\" class=\"jki jki-chevron-right-light\"><\/i>\t\t\t\t\t\t<\/span>\n\t\t\t\t\t\t\t\t\t\t<span class=\"elementor-icon-list-text\">Make sure you have your prescription filled out and signed by your doctor. We will need the information that is included. <\/span>\n\t\t\t\t\t\t\t\t\t<\/li>\n\t\t\t\t\t\t\t\t<li class=\"elementor-icon-list-item\">\n\t\t\t\t\t\t\t\t\t\t\t<span class=\"elementor-icon-list-icon\">\n\t\t\t\t\t\t\t<i aria-hidden=\"true\" class=\"jki jki-chevron-right-light\"><\/i>\t\t\t\t\t\t<\/span>\n\t\t\t\t\t\t\t\t\t\t<span class=\"elementor-icon-list-text\">Also, make sure you have your doctor's full name to avoid any delays in getting your results.<\/span>\n\t\t\t\t\t\t\t\t\t<\/li>\n\t\t\t\t\t\t\t\t<li class=\"elementor-icon-list-item\">\n\t\t\t\t\t\t\t\t\t\t\t<span class=\"elementor-icon-list-icon\">\n\t\t\t\t\t\t\t<i aria-hidden=\"true\" class=\"jki jki-chevron-right-light\"><\/i>\t\t\t\t\t\t<\/span>\n\t\t\t\t\t\t\t\t\t\t<span class=\"elementor-icon-list-text\">Please note that we do not receive any results from the tests prescribed by your doctors. If you have not received your results or have questions about them, please refer to your medical clinic.<\/span>\n\t\t\t\t\t\t\t\t\t<\/li>\n\t\t\t\t\t\t<\/ul>\n\t\t\t\t<\/div>\n\t\t\t\t<\/div>\n\t\t\t\t\t<\/div>\n\t\t<\/div>\n\t\t\t\t\t\t\t<\/div>\n\t\t<\/section>\n\t\t\t\t\t<\/div>\n\t\t<\/div>\n\t\t\t\t\t\t\t<\/div>\n\t\t<\/section>\n\t\t\t\t\t\t\t<\/div>\n\t\t","protected":false},"excerpt":{"rendered":"<p>Blood tests Book an appointment Has your doctor prescribed blood tests? Your specimens (blood, urine, stool, saliva, hair) are collected and\/or handled by experienced professionals who are members of their respective professional orders, i.e. the Ordre Professionnel des Technologistes M\u00e9dicaux (OPTMQ) and the Ordre des Infirmiers et Infirmi\u00e8res du Qu\u00e9bec (OIIQ). In order to ensure [&hellip;]<\/p>\n","protected":false},"author":1,"featured_media":0,"parent":0,"menu_order":0,"comment_status":"closed","ping_status":"closed","template":"","meta":[],"yoast_head":"<!-- This site is optimized with the Yoast SEO plugin v19.13 - https:\/\/yoast.com\/wordpress\/plugins\/seo\/ -->\n<title>Blood tests - PRELEV<\/title>\n<meta name=\"robots\" content=\"index, follow, max-snippet:-1, max-image-preview:large, max-video-preview:-1\" \/>\n<link rel=\"canonical\" href=\"https:\/\/dev.prelev.ca\/en\/blood-tests\/\" \/>\n<meta property=\"og:locale\" content=\"en_US\" \/>\n<meta property=\"og:type\" content=\"article\" \/>\n<meta property=\"og:title\" content=\"Blood tests - PRELEV\" \/>\n<meta property=\"og:description\" content=\"Blood tests Book an appointment Has your doctor prescribed blood tests? Your specimens (blood, urine, stool, saliva, hair) are collected and\/or handled by experienced professionals who are members of their respective professional orders, i.e. the Ordre Professionnel des Technologistes M\u00e9dicaux (OPTMQ) and the Ordre des Infirmiers et Infirmi\u00e8res du Qu\u00e9bec (OIIQ). In order to ensure [&hellip;]\" \/>\n<meta property=\"og:url\" content=\"https:\/\/dev.prelev.ca\/en\/blood-tests\/\" \/>\n<meta property=\"og:site_name\" content=\"PRELEV\" \/>\n<meta property=\"article:modified_time\" content=\"2023-01-10T20:01:29+00:00\" \/>\n<meta name=\"twitter:card\" content=\"summary_large_image\" \/>\n<meta name=\"twitter:label1\" content=\"Est. reading time\" \/>\n\t<meta name=\"twitter:data1\" content=\"2 minutes\" \/>\n<script type=\"application\/ld+json\" class=\"yoast-schema-graph\">{\"@context\":\"https:\/\/schema.org\",\"@graph\":[{\"@type\":\"WebPage\",\"@id\":\"https:\/\/dev.prelev.ca\/en\/blood-tests\/\",\"url\":\"https:\/\/dev.prelev.ca\/en\/blood-tests\/\",\"name\":\"Blood tests - PRELEV\",\"isPartOf\":{\"@id\":\"https:\/\/dev.prelev.ca\/en\/#website\"},\"datePublished\":\"2022-11-17T13:07:12+00:00\",\"dateModified\":\"2023-01-10T20:01:29+00:00\",\"breadcrumb\":{\"@id\":\"https:\/\/dev.prelev.ca\/en\/blood-tests\/#breadcrumb\"},\"inLanguage\":\"en-US\",\"potentialAction\":[{\"@type\":\"ReadAction\",\"target\":[\"https:\/\/dev.prelev.ca\/en\/blood-tests\/\"]}]},{\"@type\":\"BreadcrumbList\",\"@id\":\"https:\/\/dev.prelev.ca\/en\/blood-tests\/#breadcrumb\",\"itemListElement\":[{\"@type\":\"ListItem\",\"position\":1,\"name\":\"Home\",\"item\":\"https:\/\/dev.prelev.ca\/en\/home\/\"},{\"@type\":\"ListItem\",\"position\":2,\"name\":\"Blood tests\"}]},{\"@type\":\"WebSite\",\"@id\":\"https:\/\/dev.prelev.ca\/en\/#website\",\"url\":\"https:\/\/dev.prelev.ca\/en\/\",\"name\":\"PRELEV\",\"description\":\"\",\"publisher\":{\"@id\":\"https:\/\/dev.prelev.ca\/en\/#organization\"},\"potentialAction\":[{\"@type\":\"SearchAction\",\"target\":{\"@type\":\"EntryPoint\",\"urlTemplate\":\"https:\/\/dev.prelev.ca\/en\/?s={search_term_string}\"},\"query-input\":\"required name=search_term_string\"}],\"inLanguage\":\"en-US\"},{\"@type\":\"Organization\",\"@id\":\"https:\/\/dev.prelev.ca\/en\/#organization\",\"name\":\"PRELEV\",\"url\":\"https:\/\/dev.prelev.ca\/en\/\",\"logo\":{\"@type\":\"ImageObject\",\"inLanguage\":\"en-US\",\"@id\":\"https:\/\/dev.prelev.ca\/en\/#\/schema\/logo\/image\/\",\"url\":\"https:\/\/dev.prelev.ca\/wp-content\/uploads\/2022\/11\/logo-e1667501719917.png\",\"contentUrl\":\"https:\/\/dev.prelev.ca\/wp-content\/uploads\/2022\/11\/logo-e1667501719917.png\",\"width\":1000,\"height\":173,\"caption\":\"PRELEV\"},\"image\":{\"@id\":\"https:\/\/dev.prelev.ca\/en\/#\/schema\/logo\/image\/\"}}]}<\/script>\n<!-- \/ Yoast SEO plugin. -->","yoast_head_json":{"title":"Blood tests - PRELEV","robots":{"index":"index","follow":"follow","max-snippet":"max-snippet:-1","max-image-preview":"max-image-preview:large","max-video-preview":"max-video-preview:-1"},"canonical":"https:\/\/dev.prelev.ca\/en\/blood-tests\/","og_locale":"en_US","og_type":"article","og_title":"Blood tests - PRELEV","og_description":"Blood tests Book an appointment Has your doctor prescribed blood tests? Your specimens (blood, urine, stool, saliva, hair) are collected and\/or handled by experienced professionals who are members of their respective professional orders, i.e. the Ordre Professionnel des Technologistes M\u00e9dicaux (OPTMQ) and the Ordre des Infirmiers et Infirmi\u00e8res du Qu\u00e9bec (OIIQ). In order to ensure [&hellip;]","og_url":"https:\/\/dev.prelev.ca\/en\/blood-tests\/","og_site_name":"PRELEV","article_modified_time":"2023-01-10T20:01:29+00:00","twitter_card":"summary_large_image","twitter_misc":{"Est. reading time":"2 minutes"},"schema":{"@context":"https:\/\/schema.org","@graph":[{"@type":"WebPage","@id":"https:\/\/dev.prelev.ca\/en\/blood-tests\/","url":"https:\/\/dev.prelev.ca\/en\/blood-tests\/","name":"Blood tests - PRELEV","isPartOf":{"@id":"https:\/\/dev.prelev.ca\/en\/#website"},"datePublished":"2022-11-17T13:07:12+00:00","dateModified":"2023-01-10T20:01:29+00:00","breadcrumb":{"@id":"https:\/\/dev.prelev.ca\/en\/blood-tests\/#breadcrumb"},"inLanguage":"en-US","potentialAction":[{"@type":"ReadAction","target":["https:\/\/dev.prelev.ca\/en\/blood-tests\/"]}]},{"@type":"BreadcrumbList","@id":"https:\/\/dev.prelev.ca\/en\/blood-tests\/#breadcrumb","itemListElement":[{"@type":"ListItem","position":1,"name":"Home","item":"https:\/\/dev.prelev.ca\/en\/home\/"},{"@type":"ListItem","position":2,"name":"Blood tests"}]},{"@type":"WebSite","@id":"https:\/\/dev.prelev.ca\/en\/#website","url":"https:\/\/dev.prelev.ca\/en\/","name":"PRELEV","description":"","publisher":{"@id":"https:\/\/dev.prelev.ca\/en\/#organization"},"potentialAction":[{"@type":"SearchAction","target":{"@type":"EntryPoint","urlTemplate":"https:\/\/dev.prelev.ca\/en\/?s={search_term_string}"},"query-input":"required name=search_term_string"}],"inLanguage":"en-US"},{"@type":"Organization","@id":"https:\/\/dev.prelev.ca\/en\/#organization","name":"PRELEV","url":"https:\/\/dev.prelev.ca\/en\/","logo":{"@type":"ImageObject","inLanguage":"en-US","@id":"https:\/\/dev.prelev.ca\/en\/#\/schema\/logo\/image\/","url":"https:\/\/dev.prelev.ca\/wp-content\/uploads\/2022\/11\/logo-e1667501719917.png","contentUrl":"https:\/\/dev.prelev.ca\/wp-content\/uploads\/2022\/11\/logo-e1667501719917.png","width":1000,"height":173,"caption":"PRELEV"},"image":{"@id":"https:\/\/dev.prelev.ca\/en\/#\/schema\/logo\/image\/"}}]}},"_links":{"self":[{"href":"https:\/\/dev.prelev.ca\/en\/wp-json\/wp\/v2\/pages\/1424"}],"collection":[{"href":"https:\/\/dev.prelev.ca\/en\/wp-json\/wp\/v2\/pages"}],"about":[{"href":"https:\/\/dev.prelev.ca\/en\/wp-json\/wp\/v2\/types\/page"}],"author":[{"embeddable":true,"href":"https:\/\/dev.prelev.ca\/en\/wp-json\/wp\/v2\/users\/1"}],"replies":[{"embeddable":true,"href":"https:\/\/dev.prelev.ca\/en\/wp-json\/wp\/v2\/comments?post=1424"}],"version-history":[{"count":7,"href":"https:\/\/dev.prelev.ca\/en\/wp-json\/wp\/v2\/pages\/1424\/revisions"}],"predecessor-version":[{"id":1672,"href":"https:\/\/dev.prelev.ca\/en\/wp-json\/wp\/v2\/pages\/1424\/revisions\/1672"}],"wp:attachment":[{"href":"https:\/\/dev.prelev.ca\/en\/wp-json\/wp\/v2\/media?parent=1424"}],"curies":[{"name":"wp","href":"https:\/\/api.w.org\/{rel}","templated":true}]}}